{"id":2503,"date":"2024-03-18T07:55:34","date_gmt":"2024-03-18T06:55:34","guid":{"rendered":"https:\/\/divadlo.pametnaroda.cz\/?page_id=2503"},"modified":"2026-01-14T09:41:55","modified_gmt":"2026-01-14T08:41:55","slug":"divadelni-ateliery","status":"publish","type":"page","link":"https:\/\/divadlo.pametnaroda.cz\/en\/divadelni-ateliery\/","title":{"rendered":"Theatre Studios"},"content":{"rendered":"<div class=\"fusion-fullwidth fullwidth-box fusion-builder-row-1 fusion-flex-container has-pattern-background has-mask-background nonhundred-percent-fullwidth non-hundred-percent-height-scrolling\" style=\"--awb-border-radius-top-left:0px;--awb-border-radius-top-right:0px;--awb-border-radius-bottom-right:0px;--awb-border-radius-bottom-left:0px;--awb-padding-top:50px;--awb-padding-bottom:0px;--awb-padding-bottom-medium:60px;--awb-background-color:var(--awb-color1);--awb-flex-wrap:wrap;\" ><div class=\"fusion-builder-row fusion-row fusion-flex-align-items-flex-start fusion-flex-content-wrap\" style=\"max-width:1331.2px;margin-left: calc(-4% \/ 2 );margin-right: calc(-4% \/ 2 );\"><div class=\"fusion-layout-column fusion_builder_column fusion-builder-column-0 fusion_builder_column_1_6 1_6 fusion-flex-column fusion-no-small-visibility\" style=\"--awb-bg-blend:overlay;--awb-bg-size:cover;--awb-width-large:16.6666666667%;--awb-margin-top-large:10px;--awb-spacing-right-large:11.52%;--awb-margin-bottom-large:10px;--awb-spacing-left-large:11.52%;--awb-width-medium:100%;--awb-spacing-right-medium:1.92%;--awb-spacing-left-medium:1.92%;--awb-width-small:100%;--awb-spacing-right-small:1.92%;--awb-spacing-left-small:1.92%;\"><div class=\"fusion-column-wrapper fusion-flex-justify-content-flex-start fusion-content-layout-column\"><div class=\"fusion-separator fusion-full-width-sep\" style=\"align-self: center;margin-left: auto;margin-right: auto;margin-top:20px;width:100%;\"><\/div><\/div><\/div><div class=\"fusion-layout-column fusion_builder_column fusion-builder-column-1 fusion_builder_column_2_3 2_3 fusion-flex-column\" style=\"--awb-bg-blend:overlay;--awb-bg-size:cover;--awb-width-large:66.6666666667%;--awb-margin-top-large:10px;--awb-spacing-right-large:2.88%;--awb-margin-bottom-large:30px;--awb-spacing-left-large:2.88%;--awb-width-medium:100%;--awb-spacing-right-medium:1.92%;--awb-spacing-left-medium:1.92%;--awb-width-small:100%;--awb-spacing-right-small:1.92%;--awb-spacing-left-small:1.92%;\"><div class=\"fusion-column-wrapper fusion-flex-justify-content-flex-start fusion-content-layout-column\"><div class=\"fusion-text fusion-text-1\" style=\"--awb-content-alignment:left;--awb-text-color:var(--awb-color8);\"><p style=\"text-align: center\"><span style=\"font-weight: 400;font-family: arial, helvetica, sans-serif\">In the Memory of Nations Studios, children and young people aged 12 to 26 create theatre performances inspired by stories from the 20th century. Our two-semester course awakens creativity, self-confidence, and an interest in history and teaches how to express opinions and listen to others. It is possible sign up for the studios at any point throughout the year.<\/span><\/p>\n<\/div><\/div><\/div><\/div><\/div><div class=\"fusion-bg-parallax\" data-bg-align=\"center center\" data-direction=\"left\" data-mute=\"false\" data-opacity=\"100\" data-velocity=\"-0.3\" data-mobile-enabled=\"false\" data-break_parents=\"0\" data-bg-image=\"https:\/\/divadlo.pametnaroda.cz\/media\/sites\/3\/2026\/01\/IMG_9988-scaled.jpg\" data-bg-repeat=\"false\" ><\/div><div class=\"fusion-fullwidth fullwidth-box fusion-builder-row-2 fusion-flex-container has-pattern-background has-mask-background fusion-parallax-left nonhundred-percent-fullwidth non-hundred-percent-height-scrolling lazyload\" style=\"--awb-border-radius-top-left:0px;--awb-border-radius-top-right:0px;--awb-border-radius-bottom-right:0px;--awb-border-radius-bottom-left:0px;--awb-padding-top:0px;--awb-padding-bottom:150px;--awb-padding-bottom-medium:60px;--awb-background-size:cover;--awb-flex-wrap:wrap;\" data-bg=\"https:\/\/divadlo.pametnaroda.cz\/media\/sites\/3\/2026\/01\/IMG_9988-scaled.jpg\" ><div class=\"fusion-builder-row fusion-row fusion-flex-align-items-flex-start fusion-flex-content-wrap\" style=\"max-width:1331.2px;margin-left: calc(-4% \/ 2 );margin-right: calc(-4% \/ 2 );\"><div class=\"fusion-layout-column fusion_builder_column fusion-builder-column-2 fusion_builder_column_1_6 1_6 fusion-flex-column fusion-no-small-visibility\" style=\"--awb-bg-blend:overlay;--awb-bg-size:cover;--awb-width-large:16.6666666667%;--awb-margin-top-large:10px;--awb-spacing-right-large:11.52%;--awb-margin-bottom-large:10px;--awb-spacing-left-large:11.52%;--awb-width-medium:100%;--awb-spacing-right-medium:1.92%;--awb-spacing-left-medium:1.92%;--awb-width-small:100%;--awb-spacing-right-small:1.92%;--awb-spacing-left-small:1.92%;\"><div class=\"fusion-column-wrapper fusion-flex-justify-content-flex-start fusion-content-layout-column\"><div class=\"fusion-separator fusion-full-width-sep\" style=\"align-self: center;margin-left: auto;margin-right: auto;margin-top:20px;width:100%;\"><\/div><\/div><\/div><div class=\"fusion-layout-column fusion_builder_column fusion-builder-column-3 fusion_builder_column_2_3 2_3 fusion-flex-column\" style=\"--awb-bg-blend:overlay;--awb-bg-size:cover;--awb-width-large:66.6666666667%;--awb-margin-top-large:10px;--awb-spacing-right-large:2.88%;--awb-margin-bottom-large:30px;--awb-spacing-left-large:2.88%;--awb-width-medium:100%;--awb-spacing-right-medium:1.92%;--awb-spacing-left-medium:1.92%;--awb-width-small:100%;--awb-spacing-right-small:1.92%;--awb-spacing-left-small:1.92%;\"><div class=\"fusion-column-wrapper fusion-flex-justify-content-flex-start fusion-content-layout-column\"><div class=\"fusion-separator fusion-full-width-sep\" style=\"align-self: center;margin-left: auto;margin-right: auto;margin-top:50px;width:100%;\"><\/div><div class=\"fusion-title title fusion-title-1 fusion-sep-none fusion-title-center fusion-title-text fusion-title-size-two\" style=\"--awb-text-color:var(--awb-color1);\"><h2 class=\"fusion-title-heading title-heading-center fusion-responsive-typography-calculated\" style=\"margin:0;text-transform:none;--fontSize:34;line-height:var(--awb-typography1-line-height);\">Theatre Studios<\/h2><\/div><div class=\"fusion-text fusion-text-2\" style=\"--awb-content-alignment:center;--awb-text-color:var(--awb-color1);\"><p>Looking for a creative and meaningful way to spend your free time? Join our theatre studios! We offer regular meetings across the country where you can immerse yourself in the world of theatre and stories under the guidance of experienced drama teachers. You can sign up for the studios at any point throughout the year.<\/p>\n<p><strong>2 semesters \/ 30 lessons of 90 minutes \/ 1 premiere<\/strong><\/p>\n<\/div><div class=\"fusion-separator fusion-full-width-sep\" style=\"align-self: center;margin-left: auto;margin-right: auto;flex-grow:3;margin-top:50px;width:100%;\"><\/div><div ><a class=\"fusion-button button-flat button-large button-default fusion-button-default button-1 fusion-button-default-span fusion-button-default-type\" style=\"width:calc(100%);\" target=\"_self\" data-hover=\"text_slide_up\" href=\"https:\/\/forms.gle\/XBrz57kDDfwHbAJP8\"><div class=\"awb-button-text-transition\"><span class=\"fusion-button-text\">APPLICATIONS FOR THE 2025\/26 SEASON<\/span><span class=\"fusion-button-text\">APPLICATIONS FOR THE 2025\/26 SEASON<\/span><\/div><\/a><\/div><\/div><\/div><div class=\"fusion-layout-column fusion_builder_column fusion-builder-column-4 fusion_builder_column_1_6 1_6 fusion-flex-column fusion-no-small-visibility\" style=\"--awb-bg-blend:overlay;--awb-bg-size:cover;--awb-width-large:16.6666666667%;--awb-margin-top-large:10px;--awb-spacing-right-large:11.52%;--awb-margin-bottom-large:10px;--awb-spacing-left-large:11.52%;--awb-width-medium:100%;--awb-spacing-right-medium:1.92%;--awb-spacing-left-medium:1.92%;--awb-width-small:100%;--awb-spacing-right-small:1.92%;--awb-spacing-left-small:1.92%;\"><div class=\"fusion-column-wrapper fusion-flex-justify-content-flex-start fusion-content-layout-column\"><\/div><\/div><\/div><\/div><div class=\"fusion-fullwidth fullwidth-box fusion-builder-row-3 fusion-flex-container has-pattern-background has-mask-background nonhundred-percent-fullwidth non-hundred-percent-height-scrolling\" style=\"--awb-border-radius-top-left:0px;--awb-border-radius-top-right:0px;--awb-border-radius-bottom-right:0px;--awb-border-radius-bottom-left:0px;--awb-padding-top:50px;--awb-padding-bottom:0px;--awb-padding-bottom-medium:60px;--awb-background-color:var(--awb-color1);--awb-flex-wrap:wrap;\" ><div class=\"fusion-builder-row fusion-row fusion-flex-align-items-flex-start fusion-flex-content-wrap\" style=\"max-width:1331.2px;margin-left: calc(-4% \/ 2 );margin-right: calc(-4% \/ 2 );\"><div class=\"fusion-layout-column fusion_builder_column fusion-builder-column-5 fusion_builder_column_1_6 1_6 fusion-flex-column fusion-no-small-visibility\" style=\"--awb-bg-blend:overlay;--awb-bg-size:cover;--awb-width-large:16.6666666667%;--awb-margin-top-large:10px;--awb-spacing-right-large:11.52%;--awb-margin-bottom-large:10px;--awb-spacing-left-large:11.52%;--awb-width-medium:100%;--awb-spacing-right-medium:1.92%;--awb-spacing-left-medium:1.92%;--awb-width-small:100%;--awb-spacing-right-small:1.92%;--awb-spacing-left-small:1.92%;\"><div class=\"fusion-column-wrapper fusion-flex-justify-content-flex-start fusion-content-layout-column\"><div class=\"fusion-separator fusion-full-width-sep\" style=\"align-self: center;margin-left: auto;margin-right: auto;margin-top:20px;width:100%;\"><\/div><\/div><\/div><div class=\"fusion-layout-column fusion_builder_column fusion-builder-column-6 fusion_builder_column_2_3 2_3 fusion-flex-column\" style=\"--awb-bg-blend:overlay;--awb-bg-size:cover;--awb-width-large:66.6666666667%;--awb-margin-top-large:10px;--awb-spacing-right-large:2.88%;--awb-margin-bottom-large:30px;--awb-spacing-left-large:2.88%;--awb-width-medium:100%;--awb-spacing-right-medium:1.92%;--awb-spacing-left-medium:1.92%;--awb-width-small:100%;--awb-spacing-right-small:1.92%;--awb-spacing-left-small:1.92%;\"><div class=\"fusion-column-wrapper fusion-flex-justify-content-flex-start fusion-content-layout-column\"><div class=\"fusion-text fusion-text-3\" style=\"--awb-content-alignment:left;--awb-text-color:var(--awb-color8);\"><p style=\"text-align: left;padding-left: 40px\"><span style=\"font-family: arial, helvetica, sans-serif;font-size: 20px\"><b>Venues and Dates of Theatre Studios 2025\/26:<\/b><\/span><\/p>\n<ul>\n<li style=\"text-align: left\"><span style=\"font-family: arial, helvetica, sans-serif;font-size: 14px\"><strong>Prague 1 \u2013 Monday 17:00\u201318:30<\/strong>, Theatre v Dlouh\u00e9 (ages 12\u201318, 3 000 CZK \/ semester), lecturer Barbora \u0160pa\u010dkov\u00e1<\/span><\/li>\n<li style=\"text-align: left\"><span style=\"font-family: arial, helvetica, sans-serif;font-size: 14px\"><strong>Prague 1 \u2013 Wednesday 16:30\u201318:00<\/strong>, Small Stage of the ABC Theatre (ages 15\u201326, 3 000 CZK \/ semester), lecturer Alena Sk\u00e1lov\u00e1<\/span><\/li>\n<li style=\"text-align: left\"><span style=\"font-family: arial, helvetica, sans-serif;font-size: 14px\"><strong>Prague 4 \u2013 Tuesday 17:30\u201319:00<\/strong>, CIRQUEON (ages 12\u201315, min. 1 year of circus experience, 3 900 CZK \/ semester), lecturers Lucie Vacovsk\u00e1 and Ond\u0159ej Holba, <a href=\"https:\/\/cirqueon.cz\/kurz\/atelier-pameti-naroda-12-15-let\" target=\"_blank\" rel=\"noopener noreferrer\">applications through CQ<\/a><\/span><\/li>\n<li style=\"text-align: left\"><span style=\"font-family: arial, helvetica, sans-serif;font-size: 14px\"><strong>Prague 6 \u2013 Monday 16:30\u201318:00<\/strong>, Pet\u0159iny Library (ages 12\u201318, 3 000 CZK \/ semester), lecturer Alena Sk\u00e1lov\u00e1<\/span><\/li>\n<li style=\"text-align: left\"><span style=\"font-family: arial, helvetica, sans-serif;font-size: 14px\"><strong>Prague 7 \u2013 irregular rehearsals<\/strong>, NGP \u2013 Trade Fair Palace (ages 16\u201323), lecturer Josef Dole\u017eal<\/span><\/li>\n<li style=\"text-align: left\"><span style=\"font-family: arial, helvetica, sans-serif;font-size: 14px\"><strong>Prague 8 \u2013 Wednesday 16:30\u201318:00<\/strong>, Theatre pod Palmovkou (ages 12\u201318, 3 000 CZK \/ semester), lecturer Jitka M\u00ed\u010dkov\u00e1<\/span><\/li>\n<li style=\"text-align: left\"><span style=\"font-family: arial, helvetica, sans-serif;font-size: 14px\"><strong>Brno \u2013 Wednesday 16:00\u201318:00<\/strong>, Aldente Theater Creative Center (ages 12\u201316, 2 200 CZK \/ semester), lecturers Marie H\u00f3tov\u00e1 and Dominika Gre\u0161ov\u00e1<\/span><\/li>\n<li style=\"text-align: left\"><span style=\"font-family: arial, helvetica, sans-serif;font-size: 14px\"><strong>Hradec Kr\u00e1lov\u00e9 \u2013 Tuesday 17:00\u201319:00<\/strong>, Drak Theatre (ages 14\u201319, 2 500 CZK \/ year), lecturers Kl\u00e1ra Fidlerov\u00e1 and Jana Nechv\u00e1talov\u00e1<\/span><\/li>\n<li style=\"text-align: left\"><span style=\"font-family: arial, helvetica, sans-serif;font-size: 14px\"><strong>Liberec \u2013 Thursday 17:15\u201318:45<\/strong>, Studio U Obr\u00e1zku 345\/4 (ages 12\u201318, 1 800 CZK \/ semester or 3 000 CZK \/ year), lecturer Nina Doubkov\u00e1<\/span><\/li>\n<li><span style=\"font-family: arial, helvetica, sans-serif;font-size: 14px\"><strong>Karlovy Vary \u2013 Thursday 16:30\u201318:00<\/strong>, Anton\u00edn Dvo\u0159\u00e1k's ZU\u0160 (ages 15\u201316, 1 100 CZK \/ semester), lecturer Jan Kindl, for ZU\u0160 students<\/span><\/li>\n<li><span style=\"font-family: arial, helvetica, sans-serif;font-size: 14px\"><strong>Pardubice \u2013 Tuesday 17:00\u201318:30<\/strong>, Memory of Nations Eastern Bohemia (ages 9\u201315, free), lecturer Luk\u00e1\u0161 Kopeck\u00fd, cooperation with KUC Kalyna<\/span><\/li>\n<\/ul>\n<\/div><\/div><\/div><\/div><\/div>","protected":false},"excerpt":{"rendered":"","protected":false},"author":1,"featured_media":0,"parent":0,"menu_order":0,"comment_status":"closed","ping_status":"closed","template":"100-width.php","meta":{"footnotes":""},"class_list":["post-2503","page","type-page","status-publish","hentry"],"yoast_head":"<!-- This site is optimized with the Yoast SEO plugin v24.5 - https:\/\/yoast.com\/wordpress\/plugins\/seo\/ -->\n<title>Divadeln\u00ed ateli\u00e9ry - Divadlo Pam\u011bti n\u00e1roda<\/title>\n<meta name=\"robots\" content=\"index, follow, max-snippet:-1, max-image-preview:large, max-video-preview:-1\" \/>\n<link rel=\"canonical\" href=\"https:\/\/divadlo.pametnaroda.cz\/en\/divadelni-ateliery\/\" \/>\n<meta property=\"og:locale\" content=\"en_GB\" \/>\n<meta property=\"og:type\" content=\"article\" \/>\n<meta property=\"og:title\" content=\"Divadeln\u00ed ateli\u00e9ry - Divadlo Pam\u011bti n\u00e1roda\" \/>\n<meta property=\"og:url\" content=\"https:\/\/divadlo.pametnaroda.cz\/en\/divadelni-ateliery\/\" \/>\n<meta property=\"og:site_name\" content=\"Divadlo Pam\u011bti n\u00e1roda\" \/>\n<meta property=\"article:modified_time\" content=\"2026-01-14T08:41:55+00:00\" \/>\n<meta name=\"twitter:card\" content=\"summary_large_image\" \/>\n<meta name=\"twitter:label1\" content=\"Estimated reading time\" \/>\n\t<meta name=\"twitter:data1\" content=\"1 minute\" \/>\n<script type=\"application\/ld+json\" class=\"yoast-schema-graph\">{\"@context\":\"https:\/\/schema.org\",\"@graph\":[{\"@type\":\"WebPage\",\"@id\":\"https:\/\/divadlo.pametnaroda.cz\/divadelni-ateliery\/\",\"url\":\"https:\/\/divadlo.pametnaroda.cz\/divadelni-ateliery\/\",\"name\":\"Divadeln\u00ed ateli\u00e9ry - Divadlo Pam\u011bti n\u00e1roda\",\"isPartOf\":{\"@id\":\"https:\/\/divadlo.pametnaroda.cz\/#website\"},\"datePublished\":\"2024-03-18T06:55:34+00:00\",\"dateModified\":\"2026-01-14T08:41:55+00:00\",\"breadcrumb\":{\"@id\":\"https:\/\/divadlo.pametnaroda.cz\/divadelni-ateliery\/#breadcrumb\"},\"inLanguage\":\"en-GB\",\"potentialAction\":[{\"@type\":\"ReadAction\",\"target\":[\"https:\/\/divadlo.pametnaroda.cz\/divadelni-ateliery\/\"]}]},{\"@type\":\"BreadcrumbList\",\"@id\":\"https:\/\/divadlo.pametnaroda.cz\/divadelni-ateliery\/#breadcrumb\",\"itemListElement\":[{\"@type\":\"ListItem\",\"position\":1,\"name\":\"Dom\u016f\",\"item\":\"https:\/\/divadlo.pametnaroda.cz\/\"},{\"@type\":\"ListItem\",\"position\":2,\"name\":\"Divadeln\u00ed ateli\u00e9ry\"}]},{\"@type\":\"WebSite\",\"@id\":\"https:\/\/divadlo.pametnaroda.cz\/#website\",\"url\":\"https:\/\/divadlo.pametnaroda.cz\/\",\"name\":\"Divadlo Pam\u011bti n\u00e1roda\",\"description\":\"Vypr\u00e1v\u00edme p\u0159\u00edb\u011bhy 20. stolet\u00ed skrze autentick\u00e1 sv\u011bdectv\u00ed Pam\u011bti n\u00e1roda\",\"potentialAction\":[{\"@type\":\"SearchAction\",\"target\":{\"@type\":\"EntryPoint\",\"urlTemplate\":\"https:\/\/divadlo.pametnaroda.cz\/?s={search_term_string}\"},\"query-input\":{\"@type\":\"PropertyValueSpecification\",\"valueRequired\":true,\"valueName\":\"search_term_string\"}}],\"inLanguage\":\"en-GB\"}]}<\/script>\n<!-- \/ Yoast SEO plugin. -->","yoast_head_json":{"title":"Divadeln\u00ed ateli\u00e9ry - Divadlo Pam\u011bti n\u00e1roda","robots":{"index":"index","follow":"follow","max-snippet":"max-snippet:-1","max-image-preview":"max-image-preview:large","max-video-preview":"max-video-preview:-1"},"canonical":"https:\/\/divadlo.pametnaroda.cz\/en\/divadelni-ateliery\/","og_locale":"en_GB","og_type":"article","og_title":"Divadeln\u00ed ateli\u00e9ry - Divadlo Pam\u011bti n\u00e1roda","og_url":"https:\/\/divadlo.pametnaroda.cz\/en\/divadelni-ateliery\/","og_site_name":"Divadlo Pam\u011bti n\u00e1roda","article_modified_time":"2026-01-14T08:41:55+00:00","twitter_card":"summary_large_image","twitter_misc":{"Estimated reading time":"1 minute"},"schema":{"@context":"https:\/\/schema.org","@graph":[{"@type":"WebPage","@id":"https:\/\/divadlo.pametnaroda.cz\/divadelni-ateliery\/","url":"https:\/\/divadlo.pametnaroda.cz\/divadelni-ateliery\/","name":"Divadeln\u00ed ateli\u00e9ry - Divadlo Pam\u011bti n\u00e1roda","isPartOf":{"@id":"https:\/\/divadlo.pametnaroda.cz\/#website"},"datePublished":"2024-03-18T06:55:34+00:00","dateModified":"2026-01-14T08:41:55+00:00","breadcrumb":{"@id":"https:\/\/divadlo.pametnaroda.cz\/divadelni-ateliery\/#breadcrumb"},"inLanguage":"en-GB","potentialAction":[{"@type":"ReadAction","target":["https:\/\/divadlo.pametnaroda.cz\/divadelni-ateliery\/"]}]},{"@type":"BreadcrumbList","@id":"https:\/\/divadlo.pametnaroda.cz\/divadelni-ateliery\/#breadcrumb","itemListElement":[{"@type":"ListItem","position":1,"name":"Dom\u016f","item":"https:\/\/divadlo.pametnaroda.cz\/"},{"@type":"ListItem","position":2,"name":"Divadeln\u00ed ateli\u00e9ry"}]},{"@type":"WebSite","@id":"https:\/\/divadlo.pametnaroda.cz\/#website","url":"https:\/\/divadlo.pametnaroda.cz\/","name":"Divadlo Pam\u011bti n\u00e1roda","description":"Vypr\u00e1v\u00edme p\u0159\u00edb\u011bhy 20. stolet\u00ed skrze autentick\u00e1 sv\u011bdectv\u00ed Pam\u011bti n\u00e1roda","potentialAction":[{"@type":"SearchAction","target":{"@type":"EntryPoint","urlTemplate":"https:\/\/divadlo.pametnaroda.cz\/?s={search_term_string}"},"query-input":{"@type":"PropertyValueSpecification","valueRequired":true,"valueName":"search_term_string"}}],"inLanguage":"en-GB"}]}},"_links":{"self":[{"href":"https:\/\/divadlo.pametnaroda.cz\/en\/wp-json\/wp\/v2\/pages\/2503","targetHints":{"allow":["GET"]}}],"collection":[{"href":"https:\/\/divadlo.pametnaroda.cz\/en\/wp-json\/wp\/v2\/pages"}],"about":[{"href":"https:\/\/divadlo.pametnaroda.cz\/en\/wp-json\/wp\/v2\/types\/page"}],"author":[{"embeddable":true,"href":"https:\/\/divadlo.pametnaroda.cz\/en\/wp-json\/wp\/v2\/users\/1"}],"replies":[{"embeddable":true,"href":"https:\/\/divadlo.pametnaroda.cz\/en\/wp-json\/wp\/v2\/comments?post=2503"}],"version-history":[{"count":0,"href":"https:\/\/divadlo.pametnaroda.cz\/en\/wp-json\/wp\/v2\/pages\/2503\/revisions"}],"wp:attachment":[{"href":"https:\/\/divadlo.pametnaroda.cz\/en\/wp-json\/wp\/v2\/media?parent=2503"}],"curies":[{"name":"wp","href":"https:\/\/api.w.org\/{rel}","templated":true}]}}